{"id":256,"date":"2021-08-27T14:53:00","date_gmt":"2021-08-27T14:53:00","guid":{"rendered":"https:\/\/webduer.com\/?page_id=256"},"modified":"2022-07-27T12:12:14","modified_gmt":"2022-07-27T12:12:14","slug":"about","status":"publish","type":"page","link":"https:\/\/webduer.com\/es\/about\/","title":{"rendered":"Mi Historia"},"content":{"rendered":"<div data-elementor-type=\"wp-page\" data-elementor-id=\"256\" class=\"elementor elementor-256\" data-elementor-post-type=\"page\">\n\t\t\t\t\t\t<section class=\"elementor-section elementor-top-section elementor-element elementor-element-791e9db3 elementor-section-boxed elementor-section-height-default elementor-section-height-default\" data-id=\"791e9db3\" data-element_type=\"section\" data-e-type=\"section\" data-settings=\"{&quot;background_background&quot;:&quot;classic&quot;}\">\n\t\t\t\t\t\t<div class=\"elementor-container elementor-column-gap-default\">\n\t\t\t\t\t<div class=\"elementor-column elementor-col-100 elementor-top-column elementor-element elementor-element-7c862830\" data-id=\"7c862830\" data-element_type=\"column\" data-e-type=\"column\">\n\t\t\t<div class=\"elementor-widget-wrap elementor-element-populated\">\n\t\t\t\t\t\t<section class=\"elementor-section elementor-inner-section elementor-element elementor-element-350ddf75 elementor-section-boxed elementor-section-height-default elementor-section-height-default\" data-id=\"350ddf75\" data-element_type=\"section\" data-e-type=\"section\">\n\t\t\t\t\t\t<div class=\"elementor-container elementor-column-gap-default\">\n\t\t\t\t\t<div class=\"elementor-column elementor-col-16 elementor-inner-column elementor-element elementor-element-3a72f76d\" data-id=\"3a72f76d\" data-element_type=\"column\" data-e-type=\"column\">\n\t\t\t<div class=\"elementor-widget-wrap\">\n\t\t\t\t\t\t\t<\/div>\n\t\t<\/div>\n\t\t\t\t<div class=\"elementor-column elementor-col-66 elementor-inner-column elementor-element elementor-element-68ae4252\" data-id=\"68ae4252\" data-element_type=\"column\" data-e-type=\"column\">\n\t\t\t<div class=\"elementor-widget-wrap elementor-element-populated\">\n\t\t\t\t\t\t<div class=\"elementor-element elementor-element-77444c7 elementor-invisible elementor-widget elementor-widget-heading\" data-id=\"77444c7\" data-element_type=\"widget\" data-e-type=\"widget\" data-settings=\"{&quot;_animation&quot;:&quot;fadeInDown&quot;}\" data-widget_type=\"heading.default\">\n\t\t\t\t<div class=\"elementor-widget-container\">\n\t\t\t\t\t<h2 class=\"elementor-heading-title elementor-size-default\">Mi Historia<\/h2>\t\t\t\t<\/div>\n\t\t\t\t<\/div>\n\t\t\t\t\t<\/div>\n\t\t<\/div>\n\t\t\t\t<div class=\"elementor-column elementor-col-16 elementor-inner-column elementor-element elementor-element-18ef4c0\" data-id=\"18ef4c0\" data-element_type=\"column\" data-e-type=\"column\">\n\t\t\t<div class=\"elementor-widget-wrap\">\n\t\t\t\t\t\t\t<\/div>\n\t\t<\/div>\n\t\t\t\t\t<\/div>\n\t\t<\/section>\n\t\t\t\t<section class=\"elementor-section elementor-inner-section elementor-element elementor-element-e18daca elementor-section-boxed elementor-section-height-default elementor-section-height-default\" data-id=\"e18daca\" data-element_type=\"section\" data-e-type=\"section\">\n\t\t\t\t\t\t<div class=\"elementor-container elementor-column-gap-default\">\n\t\t\t\t\t<div class=\"elementor-column elementor-col-25 elementor-inner-column elementor-element elementor-element-6fa40570\" data-id=\"6fa40570\" data-element_type=\"column\" data-e-type=\"column\">\n\t\t\t<div class=\"elementor-widget-wrap\">\n\t\t\t\t\t\t\t<\/div>\n\t\t<\/div>\n\t\t\t\t<div class=\"elementor-column elementor-col-50 elementor-inner-column elementor-element elementor-element-30ad5502\" data-id=\"30ad5502\" data-element_type=\"column\" data-e-type=\"column\">\n\t\t\t<div class=\"elementor-widget-wrap elementor-element-populated\">\n\t\t\t\t\t\t<div class=\"elementor-element elementor-element-18c00580 elementor-invisible elementor-widget elementor-widget-text-editor\" data-id=\"18c00580\" data-element_type=\"widget\" data-e-type=\"widget\" data-settings=\"{&quot;_animation&quot;:&quot;fadeInDown&quot;,&quot;_animation_delay&quot;:100}\" data-widget_type=\"text-editor.default\">\n\t\t\t\t<div class=\"elementor-widget-container\">\n\t\t\t\t\t\t\t\t\t<div><span style=\"color: #2d374c;\">El \u00e9xito de la estrategia nacional\/local de negocio <br \/><\/span><\/div><p>\u00a0<\/p>\t\t\t\t\t\t\t\t<\/div>\n\t\t\t\t<\/div>\n\t\t\t\t\t<\/div>\n\t\t<\/div>\n\t\t\t\t<div class=\"elementor-column elementor-col-25 elementor-inner-column elementor-element elementor-element-208dd7a8\" data-id=\"208dd7a8\" data-element_type=\"column\" data-e-type=\"column\">\n\t\t\t<div class=\"elementor-widget-wrap\">\n\t\t\t\t\t\t\t<\/div>\n\t\t<\/div>\n\t\t\t\t\t<\/div>\n\t\t<\/section>\n\t\t\t\t\t<\/div>\n\t\t<\/div>\n\t\t\t\t\t<\/div>\n\t\t<\/section>\n\t\t\t\t<section class=\"elementor-section elementor-top-section elementor-element elementor-element-7075f7e3 elementor-section-boxed elementor-section-height-default elementor-section-height-default\" data-id=\"7075f7e3\" data-element_type=\"section\" data-e-type=\"section\" data-settings=\"{&quot;background_background&quot;:&quot;classic&quot;}\">\n\t\t\t\t\t\t<div class=\"elementor-container elementor-column-gap-default\">\n\t\t\t\t\t<div class=\"elementor-column elementor-col-100 elementor-top-column elementor-element elementor-element-2447043f\" data-id=\"2447043f\" data-element_type=\"column\" data-e-type=\"column\">\n\t\t\t<div class=\"elementor-widget-wrap elementor-element-populated\">\n\t\t\t\t\t\t<div class=\"elementor-element elementor-element-bac0960 elementor-invisible elementor-widget elementor-widget-heading\" data-id=\"bac0960\" data-element_type=\"widget\" data-e-type=\"widget\" data-settings=\"{&quot;_animation&quot;:&quot;fadeInLeft&quot;}\" data-widget_type=\"heading.default\">\n\t\t\t\t<div class=\"elementor-widget-container\">\n\t\t\t\t\t<h2 class=\"elementor-heading-title elementor-size-default\"><div id=\"dm\" class=\"dmwr\"><div class=\"dm_wrapper standard-var5 widgetStyle-3 standard\" id=\"\"><div id=\"1295168374\"><div data-responsive-name=\"ResponsiveDesktopTopTabletHamburger\" class=\"runtime-module-container dm-bfs dm-layout-sec hasAnimations rows-1200 inMiniHeaderMode hasStickyHeader header-over-content hamburger-reverse dmPageBody dmFreeHeader d-page-1125715846\" id=\"dm-outer-wrapper\" data-page-class=\"1125715846\" data-buttonstyle=\"ROUND_SIDES\" data-soch=\"true\" data-background-parallax-selector=\".dmHomeSection1, .dmSectionParallex\"><div id=\"dmStyle_outerContainer\" class=\"dmOuter\"><div id=\"dmStyle_innerContainer\" class=\"dmInner\"><div class=\"dmLayoutWrapper standard-var dmStandardDesktop\"><div id=\"site_content\"><div class=\"site_content\"><div id=\"dmFirstContainer\" class=\"dmBody u_dmStyle_template_blank-page5b8627b1\"><div id=\"allWrapper\" class=\"allWrapper ui-sortable\"><div id=\"dm_content\" class=\"dmContent\"><div class=\"dmDefaultRespTmpl\" id=\"1125715846\"><div class=\"innerPageTmplBox dmDefaultPage dmRespRowsWrapper dmRespRowsWrapperSize1\" id=\"1841797601\"><div class=\"dmRespRow dmDefaultListContentRow u_1749284047 dmSectionParallaxNew skrollable skrollable-between grid-row ui-resizable\" id=\"1749284047\" data-center=\"background-position: 50% 0px;\" data-top-bottom=\"background-position: 50% -100px;\" data-bottom-top=\"background-position: 50% 0px;\"><div class=\"dmRespColsWrapper\" id=\"1226196859\"><div class=\"u_1819669840 small-12 dmRespCol large-6 medium-6 grid-column ui-sortable ui-resizable ui-current-element\" id=\"1819669840\" data-editor-state=\"open\"><h1 class=\"u_1554057268 dmNewParagraph grid-widget ui-resizable\" data-element-type=\"paragraph\" id=\"1554057268\" data-uialign=\"left\" data-styletopreserve=\"{\"><\/h1><h1 class=\"u_1554057268 dmNewParagraph grid-widget ui-resizable\" data-element-type=\"paragraph\" id=\"1554057268\" data-uialign=\"left\" data-styletopreserve=\"{\"><div><font data-uw-styling-context=\"true\">Que es&nbsp;<\/font><span style=\"background-color: transparent\" data-uw-styling-context=\"true\">Web Duer?<\/span><\/div><\/h1><\/div><\/div><\/div><\/div><\/div><\/div><\/div><\/div><\/div><\/div><\/div><\/div><\/div><\/div><\/div><\/div><\/div><\/h2>\t\t\t\t<\/div>\n\t\t\t\t<\/div>\n\t\t\t\t<div class=\"elementor-element elementor-element-97b8510 elementor-invisible elementor-widget elementor-widget-text-editor\" data-id=\"97b8510\" data-element_type=\"widget\" data-e-type=\"widget\" data-settings=\"{&quot;_animation&quot;:&quot;fadeInDown&quot;,&quot;_animation_delay&quot;:100}\" data-widget_type=\"text-editor.default\">\n\t\t\t\t<div class=\"elementor-widget-container\">\n\t\t\t\t\t\t\t\t\t<div><span style=\"color: #2d374c;\">La nueva tienda que re\u00fane complejo de las aplicaciones web y marketing online. <br \/><\/span><\/div><div><span style=\"color: #2d374c;\">Nuestro Objetivo: La dif\u00edcil simple. Lo que es confuso hecho de informar.<\/span><\/div><p>\u00a0<\/p>\t\t\t\t\t\t\t\t<\/div>\n\t\t\t\t<\/div>\n\t\t\t\t<section class=\"elementor-section elementor-inner-section elementor-element elementor-element-476614bc elementor-section-boxed elementor-section-height-default elementor-section-height-default\" data-id=\"476614bc\" data-element_type=\"section\" data-e-type=\"section\">\n\t\t\t\t\t\t<div class=\"elementor-container elementor-column-gap-default\">\n\t\t\t\t\t<div class=\"elementor-column elementor-col-50 elementor-inner-column elementor-element elementor-element-715228ad\" data-id=\"715228ad\" data-element_type=\"column\" data-e-type=\"column\">\n\t\t\t<div class=\"elementor-widget-wrap elementor-element-populated\">\n\t\t\t\t\t\t<div class=\"elementor-element elementor-element-1a8f93d4 elementor-invisible elementor-widget elementor-widget-image\" data-id=\"1a8f93d4\" data-element_type=\"widget\" data-e-type=\"widget\" data-settings=\"{&quot;_animation&quot;:&quot;fadeInLeft&quot;,&quot;_animation_delay&quot;:200}\" data-widget_type=\"image.default\">\n\t\t\t\t<div class=\"elementor-widget-container\">\n\t\t\t\t\t\t\t\t\t\t\t\t\t\t\t<img fetchpriority=\"high\" decoding=\"async\" width=\"800\" height=\"534\" src=\"https:\/\/webduer.com\/wp-content\/uploads\/2021\/08\/business_hands_6rxrg_h0tYm.jpg\" class=\"attachment-large size-large wp-image-59\" alt=\"\" srcset=\"https:\/\/webduer.com\/wp-content\/uploads\/2021\/08\/business_hands_6rxrg_h0tYm.jpg 1000w, https:\/\/webduer.com\/wp-content\/uploads\/2021\/08\/business_hands_6rxrg_h0tYm-300x200.jpg 300w, https:\/\/webduer.com\/wp-content\/uploads\/2021\/08\/business_hands_6rxrg_h0tYm-768x512.jpg 768w\" sizes=\"(max-width: 800px) 100vw, 800px\" \/>\t\t\t\t\t\t\t\t\t\t\t\t\t\t\t<\/div>\n\t\t\t\t<\/div>\n\t\t\t\t\t<\/div>\n\t\t<\/div>\n\t\t\t\t<div class=\"elementor-column elementor-col-50 elementor-inner-column elementor-element elementor-element-3cfe5d3b\" data-id=\"3cfe5d3b\" data-element_type=\"column\" data-e-type=\"column\">\n\t\t\t<div class=\"elementor-widget-wrap elementor-element-populated\">\n\t\t\t\t\t\t<div class=\"elementor-element elementor-element-73ff1e8a elementor-invisible elementor-widget elementor-widget-image\" data-id=\"73ff1e8a\" data-element_type=\"widget\" data-e-type=\"widget\" data-settings=\"{&quot;_animation&quot;:&quot;fadeInLeft&quot;}\" data-widget_type=\"image.default\">\n\t\t\t\t<div class=\"elementor-widget-container\">\n\t\t\t\t\t\t\t\t\t\t\t\t\t\t\t<img decoding=\"async\" width=\"800\" height=\"534\" src=\"https:\/\/webduer.com\/wp-content\/uploads\/2021\/08\/business_people_at_b_EG7bE.jpg\" class=\"attachment-large size-large wp-image-60\" alt=\"\" srcset=\"https:\/\/webduer.com\/wp-content\/uploads\/2021\/08\/business_people_at_b_EG7bE.jpg 1000w, https:\/\/webduer.com\/wp-content\/uploads\/2021\/08\/business_people_at_b_EG7bE-300x200.jpg 300w, https:\/\/webduer.com\/wp-content\/uploads\/2021\/08\/business_people_at_b_EG7bE-768x512.jpg 768w\" sizes=\"(max-width: 800px) 100vw, 800px\" \/>\t\t\t\t\t\t\t\t\t\t\t\t\t\t\t<\/div>\n\t\t\t\t<\/div>\n\t\t\t\t\t<\/div>\n\t\t<\/div>\n\t\t\t\t\t<\/div>\n\t\t<\/section>\n\t\t\t\t\t<\/div>\n\t\t<\/div>\n\t\t\t\t\t<\/div>\n\t\t<\/section>\n\t\t\t\t<section class=\"elementor-section elementor-top-section elementor-element elementor-element-48d9b842 elementor-section-boxed elementor-section-height-default elementor-section-height-default\" data-id=\"48d9b842\" data-element_type=\"section\" data-e-type=\"section\">\n\t\t\t\t\t\t<div class=\"elementor-container elementor-column-gap-default\">\n\t\t\t\t\t<div class=\"elementor-column elementor-col-100 elementor-top-column elementor-element elementor-element-548437ab\" data-id=\"548437ab\" data-element_type=\"column\" data-e-type=\"column\">\n\t\t\t<div class=\"elementor-widget-wrap\">\n\t\t\t\t\t\t\t<\/div>\n\t\t<\/div>\n\t\t\t\t\t<\/div>\n\t\t<\/section>\n\t\t\t\t<section class=\"elementor-section elementor-top-section elementor-element elementor-element-60426a6 elementor-section-boxed elementor-section-height-default elementor-section-height-default\" data-id=\"60426a6\" data-element_type=\"section\" data-e-type=\"section\">\n\t\t\t\t\t\t<div class=\"elementor-container elementor-column-gap-default\">\n\t\t\t\t\t<div class=\"elementor-column elementor-col-50 elementor-top-column elementor-element elementor-element-0d8c919\" data-id=\"0d8c919\" data-element_type=\"column\" data-e-type=\"column\">\n\t\t\t<div class=\"elementor-widget-wrap elementor-element-populated\">\n\t\t\t\t\t\t<div class=\"elementor-element elementor-element-ed1ab50 elementor-invisible elementor-widget elementor-widget-heading\" data-id=\"ed1ab50\" data-element_type=\"widget\" data-e-type=\"widget\" data-settings=\"{&quot;_animation&quot;:&quot;fadeInLeft&quot;}\" data-widget_type=\"heading.default\">\n\t\t\t\t<div class=\"elementor-widget-container\">\n\t\t\t\t\t<h2 class=\"elementor-heading-title elementor-size-default\">Nuestra Misi\u00f3n <\/h2>\t\t\t\t<\/div>\n\t\t\t\t<\/div>\n\t\t\t\t<div class=\"elementor-element elementor-element-4896ad5 elementor-invisible elementor-widget elementor-widget-text-editor\" data-id=\"4896ad5\" data-element_type=\"widget\" data-e-type=\"widget\" data-settings=\"{&quot;_animation&quot;:&quot;fadeInDown&quot;,&quot;_animation_delay&quot;:100}\" data-widget_type=\"text-editor.default\">\n\t\t\t\t<div class=\"elementor-widget-container\">\n\t\t\t\t\t\t\t\t\t<p>M\u00e1s que una simple agencia de marketing digital. Las empresas tienen muchos retos a los que se enfrentan.<br>Hoy en d\u00eda vivimos en un mundo donde las compa\u00f1\u00edas Fortune 500 est\u00e1n en control.&nbsp;<\/p>\n<div>&nbsp;<\/div>\n<div>Peque\u00f1o<br>las empresas tambi\u00e9n tienen derecho a ser visto y o\u00eddo. Lo que he hecho es en t\u00e9rminos b\u00e1sicos, es llevar la tecnolog\u00eda y los recursos que s\u00f3lo est\u00e1n disponibles para multi-millones de d\u00f3lares de empresas disponibles para start-ups y empresas peque\u00f1as y medianas.<\/div>\n<div>&nbsp;<\/div>\n<div>Lo m\u00e1s probable es que no se han de negocios de Fortune 500. Ellos ya tienen una enorme fuerza de trabajo y los presupuestos. Que bien que a pesar de que yo podr\u00eda salvar una fortuna. Prefiero tratar con una persona real.&nbsp; &nbsp; &nbsp; &nbsp; &nbsp; &nbsp; &nbsp; &nbsp; &nbsp; &nbsp; &nbsp; &nbsp;&nbsp; &nbsp; &nbsp; &nbsp; &nbsp; &nbsp; &nbsp; &nbsp;<\/div>\n<div>&nbsp;<\/div>\n<div>No soy nueva. El a\u00f1o en que me inici\u00f3 en l\u00ednea fue 1999 con Windows 98 cuando compr\u00e9 mi hijo a su primer equipo. Luego me enter\u00e9 de eBay. Ese era el mundo cuando la mayor\u00eda de las empresas no estaban incluso en l\u00ednea. No smartphones. No Hay Medios De Comunicaci\u00f3n Social. He construido un gran eBay negocio con m\u00e1s de 43.000 comentarios. La vida era simple. A continuaci\u00f3n, los cambios de vino. Lo que era simple, era<br>hecho complejo. He gastado miles de d\u00f3lares en software para mantener. Rent-a-Coder era mi mejor amigo. No importa lo mucho que me pas\u00f3 yo todav\u00eda no. Grandes empresas de ganado.\n<\/div><div>&nbsp;<\/div>\n<div>T<b>sombrero de por qu\u00e9 empec\u00e9 Web Duer. El camino viable para competir.<\/b><\/div>\t\t\t\t\t\t\t\t<\/div>\n\t\t\t\t<\/div>\n\t\t\t\t\t<\/div>\n\t\t<\/div>\n\t\t\t\t<div class=\"elementor-column elementor-col-50 elementor-top-column elementor-element elementor-element-b5dd54d\" data-id=\"b5dd54d\" data-element_type=\"column\" data-e-type=\"column\">\n\t\t\t<div class=\"elementor-widget-wrap elementor-element-populated\">\n\t\t\t\t\t\t<div class=\"elementor-element elementor-element-628306b elementor-invisible elementor-widget elementor-widget-image\" data-id=\"628306b\" data-element_type=\"widget\" data-e-type=\"widget\" data-settings=\"{&quot;_animation&quot;:&quot;fadeInRight&quot;}\" data-widget_type=\"image.default\">\n\t\t\t\t<div class=\"elementor-widget-container\">\n\t\t\t\t\t\t\t\t\t\t\t\t\t\t\t<img decoding=\"async\" width=\"800\" height=\"534\" src=\"https:\/\/webduer.com\/wp-content\/uploads\/2021\/08\/mobile_businessman_p_Ch1pc.jpg\" class=\"attachment-large size-large wp-image-49\" alt=\"\" srcset=\"https:\/\/webduer.com\/wp-content\/uploads\/2021\/08\/mobile_businessman_p_Ch1pc.jpg 1000w, https:\/\/webduer.com\/wp-content\/uploads\/2021\/08\/mobile_businessman_p_Ch1pc-300x200.jpg 300w, https:\/\/webduer.com\/wp-content\/uploads\/2021\/08\/mobile_businessman_p_Ch1pc-768x512.jpg 768w\" sizes=\"(max-width: 800px) 100vw, 800px\" \/>\t\t\t\t\t\t\t\t\t\t\t\t\t\t\t<\/div>\n\t\t\t\t<\/div>\n\t\t\t\t\t<\/div>\n\t\t<\/div>\n\t\t\t\t\t<\/div>\n\t\t<\/section>\n\t\t\t\t<\/div>","protected":false},"excerpt":{"rendered":"<p>My Story The strategy to succeed in national\/local business Who is&nbsp;Web Duer? The new one stop shop that brings together complex website applications and online marketing. Our Goal: The challenging made simple. What&#8217;s confusing made informing. Our Mission More than just a simple digital marketing agency. Businesses have many challenges that are faced with. Today [&hellip;]<\/p>\n","protected":false},"author":2,"featured_media":0,"parent":0,"menu_order":0,"comment_status":"closed","ping_status":"closed","template":"","meta":{"footnotes":""},"class_list":["post-256","page","type-page","status-publish","hentry"],"_links":{"self":[{"href":"https:\/\/webduer.com\/es\/wp-json\/wp\/v2\/pages\/256","targetHints":{"allow":["GET"]}}],"collection":[{"href":"https:\/\/webduer.com\/es\/wp-json\/wp\/v2\/pages"}],"about":[{"href":"https:\/\/webduer.com\/es\/wp-json\/wp\/v2\/types\/page"}],"author":[{"embeddable":true,"href":"https:\/\/webduer.com\/es\/wp-json\/wp\/v2\/users\/2"}],"replies":[{"embeddable":true,"href":"https:\/\/webduer.com\/es\/wp-json\/wp\/v2\/comments?post=256"}],"version-history":[{"count":29,"href":"https:\/\/webduer.com\/es\/wp-json\/wp\/v2\/pages\/256\/revisions"}],"predecessor-version":[{"id":1151,"href":"https:\/\/webduer.com\/es\/wp-json\/wp\/v2\/pages\/256\/revisions\/1151"}],"wp:attachment":[{"href":"https:\/\/webduer.com\/es\/wp-json\/wp\/v2\/media?parent=256"}],"curies":[{"name":"wp","href":"https:\/\/api.w.org\/{rel}","templated":true}]}}