{"id":650,"date":"2021-08-31T14:30:05","date_gmt":"2021-08-31T14:30:05","guid":{"rendered":"https:\/\/webduer.com\/?page_id=650"},"modified":"2022-07-18T19:44:00","modified_gmt":"2022-07-18T19:44:00","slug":"content-services","status":"publish","type":"page","link":"https:\/\/webduer.com\/es\/content-services\/","title":{"rendered":"Los Servicios De Contenido"},"content":{"rendered":"<div data-elementor-type=\"wp-page\" data-elementor-id=\"650\" class=\"elementor elementor-650\" data-elementor-post-type=\"page\">\n\t\t\t\t\t\t<section class=\"elementor-section elementor-top-section elementor-element elementor-element-f416fa6 elementor-section-boxed elementor-section-height-default elementor-section-height-default\" data-id=\"f416fa6\" data-element_type=\"section\" data-e-type=\"section\" data-settings=\"{&quot;background_background&quot;:&quot;classic&quot;}\">\n\t\t\t\t\t\t<div class=\"elementor-container elementor-column-gap-default\">\n\t\t\t\t\t<div class=\"elementor-column elementor-col-100 elementor-top-column elementor-element elementor-element-1051d80a\" data-id=\"1051d80a\" data-element_type=\"column\" data-e-type=\"column\">\n\t\t\t<div class=\"elementor-widget-wrap elementor-element-populated\">\n\t\t\t\t\t\t<section class=\"elementor-section elementor-inner-section elementor-element elementor-element-18a81d2a elementor-section-boxed elementor-section-height-default elementor-section-height-default\" data-id=\"18a81d2a\" data-element_type=\"section\" data-e-type=\"section\">\n\t\t\t\t\t\t<div class=\"elementor-container elementor-column-gap-default\">\n\t\t\t\t\t<div class=\"elementor-column elementor-col-16 elementor-inner-column elementor-element elementor-element-63f1f976\" data-id=\"63f1f976\" data-element_type=\"column\" data-e-type=\"column\">\n\t\t\t<div class=\"elementor-widget-wrap\">\n\t\t\t\t\t\t\t<\/div>\n\t\t<\/div>\n\t\t\t\t<div class=\"elementor-column elementor-col-66 elementor-inner-column elementor-element elementor-element-30fdd437\" data-id=\"30fdd437\" data-element_type=\"column\" data-e-type=\"column\">\n\t\t\t<div class=\"elementor-widget-wrap elementor-element-populated\">\n\t\t\t\t\t\t<div class=\"elementor-element elementor-element-4e74e569 elementor-invisible elementor-widget elementor-widget-heading\" data-id=\"4e74e569\" data-element_type=\"widget\" data-e-type=\"widget\" data-settings=\"{&quot;_animation&quot;:&quot;fadeInDown&quot;}\" data-widget_type=\"heading.default\">\n\t\t\t\t<div class=\"elementor-widget-container\">\n\t\t\t\t\t<h1 class=\"elementor-heading-title elementor-size-default\">Los Servicios De Contenido<\/h1>\t\t\t\t<\/div>\n\t\t\t\t<\/div>\n\t\t\t\t\t<\/div>\n\t\t<\/div>\n\t\t\t\t<div class=\"elementor-column elementor-col-16 elementor-inner-column elementor-element elementor-element-bfe8b6f\" data-id=\"bfe8b6f\" data-element_type=\"column\" data-e-type=\"column\">\n\t\t\t<div class=\"elementor-widget-wrap\">\n\t\t\t\t\t\t\t<\/div>\n\t\t<\/div>\n\t\t\t\t\t<\/div>\n\t\t<\/section>\n\t\t\t\t<section class=\"elementor-section elementor-inner-section elementor-element elementor-element-1b42cbf7 elementor-section-boxed elementor-section-height-default elementor-section-height-default\" data-id=\"1b42cbf7\" data-element_type=\"section\" data-e-type=\"section\">\n\t\t\t\t\t\t<div class=\"elementor-container elementor-column-gap-default\">\n\t\t\t\t\t<div class=\"elementor-column elementor-col-25 elementor-inner-column elementor-element elementor-element-7c248f06\" data-id=\"7c248f06\" data-element_type=\"column\" data-e-type=\"column\">\n\t\t\t<div class=\"elementor-widget-wrap\">\n\t\t\t\t\t\t\t<\/div>\n\t\t<\/div>\n\t\t\t\t<div class=\"elementor-column elementor-col-50 elementor-inner-column elementor-element elementor-element-396f0ea2\" data-id=\"396f0ea2\" data-element_type=\"column\" data-e-type=\"column\">\n\t\t\t<div class=\"elementor-widget-wrap elementor-element-populated\">\n\t\t\t\t\t\t<div class=\"elementor-element elementor-element-2f2d91 elementor-invisible elementor-widget elementor-widget-text-editor\" data-id=\"2f2d91\" data-element_type=\"widget\" data-e-type=\"widget\" data-settings=\"{&quot;_animation&quot;:&quot;fadeInDown&quot;,&quot;_animation_delay&quot;:100}\" data-widget_type=\"text-editor.default\">\n\t\t\t\t<div class=\"elementor-widget-container\">\n\t\t\t\t\t\t\t\t\tLa calidad de nuestro contenido habla por s\u00ed mismo.\t\t\t\t\t\t\t\t<\/div>\n\t\t\t\t<\/div>\n\t\t\t\t\t<\/div>\n\t\t<\/div>\n\t\t\t\t<div class=\"elementor-column elementor-col-25 elementor-inner-column elementor-element elementor-element-5f12e3d\" data-id=\"5f12e3d\" data-element_type=\"column\" data-e-type=\"column\">\n\t\t\t<div class=\"elementor-widget-wrap\">\n\t\t\t\t\t\t\t<\/div>\n\t\t<\/div>\n\t\t\t\t\t<\/div>\n\t\t<\/section>\n\t\t\t\t\t<\/div>\n\t\t<\/div>\n\t\t\t\t\t<\/div>\n\t\t<\/section>\n\t\t\t\t<section class=\"elementor-section elementor-top-section elementor-element elementor-element-749b5d14 elementor-section-boxed elementor-section-height-default elementor-section-height-default\" data-id=\"749b5d14\" data-element_type=\"section\" data-e-type=\"section\" data-settings=\"{&quot;background_background&quot;:&quot;classic&quot;}\">\n\t\t\t\t\t\t<div class=\"elementor-container elementor-column-gap-default\">\n\t\t\t\t\t<div class=\"elementor-column elementor-col-100 elementor-top-column elementor-element elementor-element-6ca914c6\" data-id=\"6ca914c6\" data-element_type=\"column\" data-e-type=\"column\">\n\t\t\t<div class=\"elementor-widget-wrap elementor-element-populated\">\n\t\t\t\t\t\t<div class=\"elementor-element elementor-element-459f3e2d elementor-invisible elementor-widget elementor-widget-heading\" data-id=\"459f3e2d\" data-element_type=\"widget\" data-e-type=\"widget\" data-settings=\"{&quot;_animation&quot;:&quot;fadeInDown&quot;}\" data-widget_type=\"heading.default\">\n\t\t\t\t<div class=\"elementor-widget-container\">\n\t\t\t\t\t<h2 class=\"elementor-heading-title elementor-size-default\">Article &amp; Website Content \u200b<\/h2>\t\t\t\t<\/div>\n\t\t\t\t<\/div>\n\t\t\t\t<div class=\"elementor-element elementor-element-4e6d11ce elementor-invisible elementor-widget elementor-widget-text-editor\" data-id=\"4e6d11ce\" data-element_type=\"widget\" data-e-type=\"widget\" data-settings=\"{&quot;_animation&quot;:&quot;fadeInDown&quot;,&quot;_animation_delay&quot;:100}\" data-widget_type=\"text-editor.default\">\n\t\t\t\t<div class=\"elementor-widget-container\">\n\t\t\t\t\t\t\t\t\t<p>Queremos que usted sitio web para clasificar en los resultados del motor de b\u00fasqueda. Tiene que estar bien escrito y correctamente optimizado. <\/p><p>Su competencia est\u00e1 invirtiendo en la prima de contenido del sitio web. Sabemos que el valor de contenido de alta calidad con la mejor velocidad de escritura de servicios.<\/p>\t\t\t\t\t\t\t\t<\/div>\n\t\t\t\t<\/div>\n\t\t\t\t<section class=\"elementor-section elementor-inner-section elementor-element elementor-element-5dcb1eb7 elementor-hidden-tablet elementor-hidden-phone elementor-section-boxed elementor-section-height-default elementor-section-height-default\" data-id=\"5dcb1eb7\" data-element_type=\"section\" data-e-type=\"section\">\n\t\t\t\t\t\t<div class=\"elementor-container elementor-column-gap-default\">\n\t\t\t\t\t<div class=\"elementor-column elementor-col-100 elementor-inner-column elementor-element elementor-element-164f0bc0 elementor-invisible\" data-id=\"164f0bc0\" data-element_type=\"column\" data-e-type=\"column\" data-settings=\"{&quot;animation&quot;:&quot;fadeInLeft&quot;,&quot;animation_delay&quot;:200,&quot;background_background&quot;:&quot;classic&quot;}\">\n\t\t\t<div class=\"elementor-widget-wrap elementor-element-populated\">\n\t\t\t\t\t\t<div class=\"elementor-element elementor-element-3ccfd596 elementor-widget elementor-widget-heading\" data-id=\"3ccfd596\" data-element_type=\"widget\" data-e-type=\"widget\" data-widget_type=\"heading.default\">\n\t\t\t\t<div class=\"elementor-widget-container\">\n\t\t\t\t\t<h2 class=\"elementor-heading-title elementor-size-default\">TOME EL CONTROL DE SU CONTENIDO PARA<\/h2>\t\t\t\t<\/div>\n\t\t\t\t<\/div>\n\t\t\t\t\t<\/div>\n\t\t<\/div>\n\t\t\t\t\t<\/div>\n\t\t<\/section>\n\t\t\t\t<section class=\"elementor-section elementor-inner-section elementor-element elementor-element-1602324 elementor-section-boxed elementor-section-height-default elementor-section-height-default\" data-id=\"1602324\" data-element_type=\"section\" data-e-type=\"section\">\n\t\t\t\t\t\t<div class=\"elementor-container elementor-column-gap-default\">\n\t\t\t\t\t<div class=\"elementor-column elementor-col-33 elementor-inner-column elementor-element elementor-element-1dac49eb elementor-invisible\" data-id=\"1dac49eb\" data-element_type=\"column\" data-e-type=\"column\" data-settings=\"{&quot;animation&quot;:&quot;fadeInRight&quot;,&quot;background_background&quot;:&quot;classic&quot;}\">\n\t\t\t<div class=\"elementor-widget-wrap elementor-element-populated\">\n\t\t\t\t\t\t<div class=\"elementor-element elementor-element-4715e55b elementor-position-top elementor-widget elementor-widget-image-box\" data-id=\"4715e55b\" data-element_type=\"widget\" data-e-type=\"widget\" data-widget_type=\"image-box.default\">\n\t\t\t\t<div class=\"elementor-widget-container\">\n\t\t\t\t\t<div class=\"elementor-image-box-wrapper\"><figure class=\"elementor-image-box-img\"><img decoding=\"async\" src=\"https:\/\/webduer.com\/wp-content\/uploads\/elementor\/thumbs\/neonbrand-3GZNPBLImWc-unsplash-scaled-pcfhexnsrv0s37hk2dxj2f1e8ro3csrcuhz6f2ivds.jpg\" title=\"neonbrand-3GZNPBLImWc-unsplash\" alt=\"neonbrand-3GZNPBLImWc-unsplash\" loading=\"lazy\" \/><\/figure><div class=\"elementor-image-box-content\"><h3 class=\"elementor-image-box-title\">Art\u00edculos y Blogs<\/h3><p class=\"elementor-image-box-description\">Content Is supreme to achieve high search rankings. It is required to have fresh &amp; unique content in search engine result pages (SERPs) such as Google.\n<\/p><\/div><\/div>\t\t\t\t<\/div>\n\t\t\t\t<\/div>\n\t\t\t\t\t<\/div>\n\t\t<\/div>\n\t\t\t\t<div class=\"elementor-column elementor-col-33 elementor-inner-column elementor-element elementor-element-19724e3a elementor-invisible\" data-id=\"19724e3a\" data-element_type=\"column\" data-e-type=\"column\" data-settings=\"{&quot;animation&quot;:&quot;fadeInRight&quot;,&quot;animation_delay&quot;:100,&quot;background_background&quot;:&quot;classic&quot;}\">\n\t\t\t<div class=\"elementor-widget-wrap elementor-element-populated\">\n\t\t\t\t\t\t<div class=\"elementor-element elementor-element-4d45f658 elementor-position-top elementor-widget elementor-widget-image-box\" data-id=\"4d45f658\" data-element_type=\"widget\" data-e-type=\"widget\" data-widget_type=\"image-box.default\">\n\t\t\t\t<div class=\"elementor-widget-container\">\n\t\t\t\t\t<div class=\"elementor-image-box-wrapper\"><figure class=\"elementor-image-box-img\"><img decoding=\"async\" src=\"https:\/\/webduer.com\/wp-content\/uploads\/elementor\/thumbs\/kobu-agency-7okkFhxrxNw-unsplash-scaled-pcfheev0z6b1n08v45szojs6d28r2uoq3wxgtjaqu8.jpg\" title=\"kobu-agencia-7okkFhxrxNw-unsplash\" alt=\"kobu-agency-7okkFhxrxNw-unsplash\" loading=\"lazy\" \/><\/figure><div class=\"elementor-image-box-content\"><h3 class=\"elementor-image-box-title\">Web Copywriting<\/h3><p class=\"elementor-image-box-description\">Web copywriting, tambi\u00e9n llamado &#034;c\u00f3mo escribir para la web,&#034; es el proceso de escribir el contenido en l\u00ednea, copia de publicidad, medios de comunicaci\u00f3n social publicaciones y otros materiales de marketing. Bien dise\u00f1ado de copywriting puede mantener a los lectores comprometidos y a menudo les lleva a tomar alg\u00fan tipo de acci\u00f3n, tales como la realizaci\u00f3n de una compra o enviar un formulario.<\/p><\/div><\/div>\t\t\t\t<\/div>\n\t\t\t\t<\/div>\n\t\t\t\t\t<\/div>\n\t\t<\/div>\n\t\t\t\t<div class=\"elementor-column elementor-col-33 elementor-inner-column elementor-element elementor-element-7b0cdc7 elementor-invisible\" data-id=\"7b0cdc7\" data-element_type=\"column\" data-e-type=\"column\" data-settings=\"{&quot;animation&quot;:&quot;fadeInRight&quot;,&quot;animation_delay&quot;:100,&quot;background_background&quot;:&quot;classic&quot;}\">\n\t\t\t<div class=\"elementor-widget-wrap elementor-element-populated\">\n\t\t\t\t\t\t<div class=\"elementor-element elementor-element-ca920e1 elementor-position-top elementor-widget elementor-widget-image-box\" data-id=\"ca920e1\" data-element_type=\"widget\" data-e-type=\"widget\" data-widget_type=\"image-box.default\">\n\t\t\t\t<div class=\"elementor-widget-container\">\n\t\t\t\t\t<div class=\"elementor-image-box-wrapper\"><figure class=\"elementor-image-box-img\"><img decoding=\"async\" src=\"https:\/\/webduer.com\/wp-content\/uploads\/elementor\/thumbs\/perfecto-capucine-3gC4gBnD3Xs-unsplash-scaled-pcfhfekw6vnxw6szbl8tbaroxpcp7cmiwtpx21ts9s.jpg\" title=\"perfecto-capucine-3gC4gBnD3Xs-unsplash\" alt=\"perfecto-capucine-3gC4gBnD3Xs-unsplash\" loading=\"lazy\" \/><\/figure><div class=\"elementor-image-box-content\"><h3 class=\"elementor-image-box-title\">libros electr\u00f3nicos y m\u00e1s<\/h3><p class=\"elementor-image-box-description\">Un e-book es un libro que es producida por la lectura en una pantalla de ordenador. E-libro es una abreviatura para &#039;libro electr\u00f3nico&#039;.Tener un eBook escrito debajo de su nombre es el mejor m\u00e9todo para demostrar su conocimiento sobre un tema o en su industria, crear clientes potenciales para su negocio.<\/p><\/div><\/div>\t\t\t\t<\/div>\n\t\t\t\t<\/div>\n\t\t\t\t\t<\/div>\n\t\t<\/div>\n\t\t\t\t\t<\/div>\n\t\t<\/section>\n\t\t\t\t\t<\/div>\n\t\t<\/div>\n\t\t\t\t\t<\/div>\n\t\t<\/section>\n\t\t\t\t<section class=\"elementor-section elementor-top-section elementor-element elementor-element-3a1f4f2f elementor-section-boxed elementor-section-height-default elementor-section-height-default\" data-id=\"3a1f4f2f\" data-element_type=\"section\" data-e-type=\"section\" data-settings=\"{&quot;background_background&quot;:&quot;classic&quot;}\">\n\t\t\t\t\t\t<div class=\"elementor-container elementor-column-gap-default\">\n\t\t\t\t\t<div class=\"elementor-column elementor-col-100 elementor-top-column elementor-element elementor-element-2cd3d681\" data-id=\"2cd3d681\" data-element_type=\"column\" data-e-type=\"column\">\n\t\t\t<div class=\"elementor-widget-wrap elementor-element-populated\">\n\t\t\t\t\t\t<div class=\"elementor-element elementor-element-42fd56d5 elementor-invisible elementor-widget elementor-widget-heading\" data-id=\"42fd56d5\" data-element_type=\"widget\" data-e-type=\"widget\" data-settings=\"{&quot;_animation&quot;:&quot;fadeInDown&quot;}\" data-widget_type=\"heading.default\">\n\t\t\t\t<div class=\"elementor-widget-container\">\n\t\t\t\t\t<h2 class=\"elementor-heading-title elementor-size-default\">Sitio Web profesional de Contenido para cada nicho<\/h2>\t\t\t\t<\/div>\n\t\t\t\t<\/div>\n\t\t\t\t<div class=\"elementor-element elementor-element-478245e3 elementor-invisible elementor-widget elementor-widget-text-editor\" data-id=\"478245e3\" data-element_type=\"widget\" data-e-type=\"widget\" data-settings=\"{&quot;_animation&quot;:&quot;fadeInDown&quot;,&quot;_animation_delay&quot;:100}\" data-widget_type=\"text-editor.default\">\n\t\t\t\t<div class=\"elementor-widget-container\">\n\t\t\t\t\t\t\t\t\t<p class=\"m-text-align-center m-size-14 size-16\"><span class=\"ILfuVd\" lang=\"en\"><span class=\"hgKElc\">Un sitio web profesional escritor de contenido <b>trae a ese alto nivel de experiencia, el talento y la habilidad para la tabla<\/b>. Ellos saben c\u00f3mo obtener la mejor informaci\u00f3n y escribir para comunicar su experiencia, autoridad y confianza<\/span><\/span><\/p>\t\t\t\t\t\t\t\t<\/div>\n\t\t\t\t<\/div>\n\t\t\t\t<section class=\"elementor-section elementor-inner-section elementor-element elementor-element-5c1b1f0 elementor-section-boxed elementor-section-height-default elementor-section-height-default\" data-id=\"5c1b1f0\" data-element_type=\"section\" data-e-type=\"section\">\n\t\t\t\t\t\t<div class=\"elementor-container elementor-column-gap-default\">\n\t\t\t\t\t<div class=\"elementor-column elementor-col-50 elementor-inner-column elementor-element elementor-element-66bafc3\" data-id=\"66bafc3\" data-element_type=\"column\" data-e-type=\"column\">\n\t\t\t<div class=\"elementor-widget-wrap elementor-element-populated\">\n\t\t\t\t\t\t<div class=\"elementor-element elementor-element-53f1962 elementor-invisible elementor-widget elementor-widget-text-editor\" data-id=\"53f1962\" data-element_type=\"widget\" data-e-type=\"widget\" data-settings=\"{&quot;_animation&quot;:&quot;fadeInDown&quot;,&quot;_animation_delay&quot;:100}\" data-widget_type=\"text-editor.default\">\n\t\t\t\t<div class=\"elementor-widget-container\">\n\t\t\t\t\t\t\t\t\t<p><b>La escritura de SEO-friendly contenido<\/b><\/p><p><span class=\"ILfuVd\" lang=\"en\"><span class=\"hgKElc\">SEO-friendly contenido es <b>el tipo de contenido que se crea en una forma que ayuda a los motores de b\u00fasqueda de rango alto<\/b>. A pesar de que algunos vendedores piensan que esto significa que debe ser con relleno de palabras clave, es realmente destinado a ayudar a los motores de b\u00fasqueda de encontrar, entender y conectar su contenido para el tema que est\u00e1s tratando de cubrir.<\/span><\/span><\/p>\t\t\t\t\t\t\t\t<\/div>\n\t\t\t\t<\/div>\n\t\t\t\t<div class=\"elementor-element elementor-element-be4a220 elementor-align-left elementor-invisible elementor-widget elementor-widget-button\" data-id=\"be4a220\" data-element_type=\"widget\" data-e-type=\"widget\" data-settings=\"{&quot;_animation&quot;:&quot;fadeInUp&quot;}\" data-widget_type=\"button.default\">\n\t\t\t\t<div class=\"elementor-widget-container\">\n\t\t\t\t\t\t\t\t\t<div class=\"elementor-button-wrapper\">\n\t\t\t\t\t<a class=\"elementor-button elementor-button-link elementor-size-md elementor-animation-wobble-vertical\" href=\"https:\/\/webduer.com\/es\/contact-us\/\">\n\t\t\t\t\t\t<span class=\"elementor-button-content-wrapper\">\n\t\t\t\t\t\t\t\t\t<span class=\"elementor-button-text\">Perm\u00edtanos ayudarle<\/span>\n\t\t\t\t\t<\/span>\n\t\t\t\t\t<\/a>\n\t\t\t\t<\/div>\n\t\t\t\t\t\t\t\t<\/div>\n\t\t\t\t<\/div>\n\t\t\t\t\t<\/div>\n\t\t<\/div>\n\t\t\t\t<div class=\"elementor-column elementor-col-50 elementor-inner-column elementor-element elementor-element-00e8a47\" data-id=\"00e8a47\" data-element_type=\"column\" data-e-type=\"column\">\n\t\t\t<div class=\"elementor-widget-wrap elementor-element-populated\">\n\t\t\t\t\t\t<div class=\"elementor-element elementor-element-66ae9bd0 elementor-invisible elementor-widget elementor-widget-image\" data-id=\"66ae9bd0\" data-element_type=\"widget\" data-e-type=\"widget\" data-settings=\"{&quot;_animation&quot;:&quot;fadeInRight&quot;}\" data-widget_type=\"image.default\">\n\t\t\t\t<div class=\"elementor-widget-container\">\n\t\t\t\t\t\t\t\t\t\t\t\t\t\t\t<img fetchpriority=\"high\" decoding=\"async\" width=\"800\" height=\"600\" src=\"https:\/\/webduer.com\/wp-content\/uploads\/2021\/08\/nick-morrison-FHnnjk1Yj7Y-unsplash-1024x768.jpg\" class=\"attachment-large size-large wp-image-658\" alt=\"\" srcset=\"https:\/\/webduer.com\/wp-content\/uploads\/2021\/08\/nick-morrison-FHnnjk1Yj7Y-unsplash-1024x768.jpg 1024w, https:\/\/webduer.com\/wp-content\/uploads\/2021\/08\/nick-morrison-FHnnjk1Yj7Y-unsplash-300x225.jpg 300w, https:\/\/webduer.com\/wp-content\/uploads\/2021\/08\/nick-morrison-FHnnjk1Yj7Y-unsplash-768x576.jpg 768w, https:\/\/webduer.com\/wp-content\/uploads\/2021\/08\/nick-morrison-FHnnjk1Yj7Y-unsplash-1536x1152.jpg 1536w, https:\/\/webduer.com\/wp-content\/uploads\/2021\/08\/nick-morrison-FHnnjk1Yj7Y-unsplash-2048x1536.jpg 2048w\" sizes=\"(max-width: 800px) 100vw, 800px\" \/>\t\t\t\t\t\t\t\t\t\t\t\t\t\t\t<\/div>\n\t\t\t\t<\/div>\n\t\t\t\t\t<\/div>\n\t\t<\/div>\n\t\t\t\t\t<\/div>\n\t\t<\/section>\n\t\t\t\t\t<\/div>\n\t\t<\/div>\n\t\t\t\t\t<\/div>\n\t\t<\/section>\n\t\t\t\t<\/div>","protected":false},"excerpt":{"rendered":"<p>Content Services The quality of our content speaks for itself.\u200b Article &#038; Website Content \u200b We want\u00a0 you website to rank in search engine results. It has to be well written and correctly optimized. Your competition is investing in premium website content. We know the value high quality content with our top-rate writing services. GET [&hellip;]<\/p>\n","protected":false},"author":2,"featured_media":0,"parent":0,"menu_order":0,"comment_status":"closed","ping_status":"closed","template":"","meta":{"footnotes":""},"class_list":["post-650","page","type-page","status-publish","hentry"],"_links":{"self":[{"href":"https:\/\/webduer.com\/es\/wp-json\/wp\/v2\/pages\/650","targetHints":{"allow":["GET"]}}],"collection":[{"href":"https:\/\/webduer.com\/es\/wp-json\/wp\/v2\/pages"}],"about":[{"href":"https:\/\/webduer.com\/es\/wp-json\/wp\/v2\/types\/page"}],"author":[{"embeddable":true,"href":"https:\/\/webduer.com\/es\/wp-json\/wp\/v2\/users\/2"}],"replies":[{"embeddable":true,"href":"https:\/\/webduer.com\/es\/wp-json\/wp\/v2\/comments?post=650"}],"version-history":[{"count":14,"href":"https:\/\/webduer.com\/es\/wp-json\/wp\/v2\/pages\/650\/revisions"}],"predecessor-version":[{"id":1088,"href":"https:\/\/webduer.com\/es\/wp-json\/wp\/v2\/pages\/650\/revisions\/1088"}],"wp:attachment":[{"href":"https:\/\/webduer.com\/es\/wp-json\/wp\/v2\/media?parent=650"}],"curies":[{"name":"wp","href":"https:\/\/api.w.org\/{rel}","templated":true}]}}