{"id":664,"date":"2021-08-31T17:51:46","date_gmt":"2021-08-31T17:51:46","guid":{"rendered":"https:\/\/webduer.com\/?page_id=664"},"modified":"2022-07-19T18:06:50","modified_gmt":"2022-07-19T18:06:50","slug":"portfolio","status":"publish","type":"page","link":"https:\/\/webduer.com\/es\/portfolio\/","title":{"rendered":"Cartera"},"content":{"rendered":"<div data-elementor-type=\"wp-page\" data-elementor-id=\"664\" class=\"elementor elementor-664\" data-elementor-post-type=\"page\">\n\t\t\t\t\t\t<section class=\"elementor-section elementor-top-section elementor-element elementor-element-7224b6e1 elementor-section-boxed elementor-section-height-default elementor-section-height-default\" data-id=\"7224b6e1\" data-element_type=\"section\" data-e-type=\"section\" data-settings=\"{&quot;background_background&quot;:&quot;classic&quot;}\">\n\t\t\t\t\t\t<div class=\"elementor-container elementor-column-gap-default\">\n\t\t\t\t\t<div class=\"elementor-column elementor-col-100 elementor-top-column elementor-element elementor-element-316daead\" data-id=\"316daead\" data-element_type=\"column\" data-e-type=\"column\">\n\t\t\t<div class=\"elementor-widget-wrap elementor-element-populated\">\n\t\t\t\t\t\t<section class=\"elementor-section elementor-inner-section elementor-element elementor-element-54c783a4 elementor-section-boxed elementor-section-height-default elementor-section-height-default\" data-id=\"54c783a4\" data-element_type=\"section\" data-e-type=\"section\">\n\t\t\t\t\t\t<div class=\"elementor-container elementor-column-gap-default\">\n\t\t\t\t\t<div class=\"elementor-column elementor-col-16 elementor-inner-column elementor-element elementor-element-bd59d18\" data-id=\"bd59d18\" data-element_type=\"column\" data-e-type=\"column\">\n\t\t\t<div class=\"elementor-widget-wrap\">\n\t\t\t\t\t\t\t<\/div>\n\t\t<\/div>\n\t\t\t\t<div class=\"elementor-column elementor-col-66 elementor-inner-column elementor-element elementor-element-706cb567\" data-id=\"706cb567\" data-element_type=\"column\" data-e-type=\"column\">\n\t\t\t<div class=\"elementor-widget-wrap elementor-element-populated\">\n\t\t\t\t\t\t<div class=\"elementor-element elementor-element-287baf93 elementor-invisible elementor-widget elementor-widget-heading\" data-id=\"287baf93\" data-element_type=\"widget\" data-e-type=\"widget\" data-settings=\"{&quot;_animation&quot;:&quot;fadeInDown&quot;}\" data-widget_type=\"heading.default\">\n\t\t\t\t<div class=\"elementor-widget-container\">\n\t\t\t\t\t<h2 class=\"elementor-heading-title elementor-size-default\">Ejemplos<\/h2>\t\t\t\t<\/div>\n\t\t\t\t<\/div>\n\t\t\t\t\t<\/div>\n\t\t<\/div>\n\t\t\t\t<div class=\"elementor-column elementor-col-16 elementor-inner-column elementor-element elementor-element-7e7a157f\" data-id=\"7e7a157f\" data-element_type=\"column\" data-e-type=\"column\">\n\t\t\t<div class=\"elementor-widget-wrap\">\n\t\t\t\t\t\t\t<\/div>\n\t\t<\/div>\n\t\t\t\t\t<\/div>\n\t\t<\/section>\n\t\t\t\t<section class=\"elementor-section elementor-inner-section elementor-element elementor-element-3812ba89 elementor-section-boxed elementor-section-height-default elementor-section-height-default\" data-id=\"3812ba89\" data-element_type=\"section\" data-e-type=\"section\">\n\t\t\t\t\t\t<div class=\"elementor-container elementor-column-gap-default\">\n\t\t\t\t\t<div class=\"elementor-column elementor-col-25 elementor-inner-column elementor-element elementor-element-6b104639\" data-id=\"6b104639\" data-element_type=\"column\" data-e-type=\"column\">\n\t\t\t<div class=\"elementor-widget-wrap\">\n\t\t\t\t\t\t\t<\/div>\n\t\t<\/div>\n\t\t\t\t<div class=\"elementor-column elementor-col-50 elementor-inner-column elementor-element elementor-element-6301a596\" data-id=\"6301a596\" data-element_type=\"column\" data-e-type=\"column\">\n\t\t\t<div class=\"elementor-widget-wrap elementor-element-populated\">\n\t\t\t\t\t\t<div class=\"elementor-element elementor-element-b877c83 elementor-invisible elementor-widget elementor-widget-text-editor\" data-id=\"b877c83\" data-element_type=\"widget\" data-e-type=\"widget\" data-settings=\"{&quot;_animation&quot;:&quot;fadeInDown&quot;,&quot;_animation_delay&quot;:100}\" data-widget_type=\"text-editor.default\">\n\t\t\t\t<div class=\"elementor-widget-container\">\n\t\t\t\t\t\t\t\t\tEcha un vistazo a c\u00f3mo nuestro equipo de dise\u00f1o es de la m\u00e1s alta calidad con los ejemplos en esta p\u00e1gina.\t\t\t\t\t\t\t\t<\/div>\n\t\t\t\t<\/div>\n\t\t\t\t\t<\/div>\n\t\t<\/div>\n\t\t\t\t<div class=\"elementor-column elementor-col-25 elementor-inner-column elementor-element elementor-element-6f3d279e\" data-id=\"6f3d279e\" data-element_type=\"column\" data-e-type=\"column\">\n\t\t\t<div class=\"elementor-widget-wrap\">\n\t\t\t\t\t\t\t<\/div>\n\t\t<\/div>\n\t\t\t\t\t<\/div>\n\t\t<\/section>\n\t\t\t\t\t<\/div>\n\t\t<\/div>\n\t\t\t\t\t<\/div>\n\t\t<\/section>\n\t\t\t\t<section class=\"elementor-section elementor-top-section elementor-element elementor-element-7075f7e3 elementor-section-boxed elementor-section-height-default elementor-section-height-default\" data-id=\"7075f7e3\" data-element_type=\"section\" data-e-type=\"section\" data-settings=\"{&quot;background_background&quot;:&quot;classic&quot;}\">\n\t\t\t\t\t\t<div class=\"elementor-container elementor-column-gap-default\">\n\t\t\t\t\t<div class=\"elementor-column elementor-col-100 elementor-top-column elementor-element elementor-element-2447043f\" data-id=\"2447043f\" data-element_type=\"column\" data-e-type=\"column\">\n\t\t\t<div class=\"elementor-widget-wrap elementor-element-populated\">\n\t\t\t\t\t\t<div class=\"elementor-element elementor-element-1432e020 elementor-invisible elementor-widget elementor-widget-gallery\" data-id=\"1432e020\" data-element_type=\"widget\" data-e-type=\"widget\" data-settings=\"{&quot;gallery_layout&quot;:&quot;masonry&quot;,&quot;_animation&quot;:&quot;fadeIn&quot;,&quot;lazyload&quot;:&quot;yes&quot;,&quot;columns&quot;:4,&quot;columns_tablet&quot;:2,&quot;columns_mobile&quot;:1,&quot;gap&quot;:{&quot;unit&quot;:&quot;px&quot;,&quot;size&quot;:10,&quot;sizes&quot;:[]},&quot;gap_tablet&quot;:{&quot;unit&quot;:&quot;px&quot;,&quot;size&quot;:10,&quot;sizes&quot;:[]},&quot;gap_mobile&quot;:{&quot;unit&quot;:&quot;px&quot;,&quot;size&quot;:10,&quot;sizes&quot;:[]},&quot;link_to&quot;:&quot;file&quot;,&quot;overlay_background&quot;:&quot;yes&quot;,&quot;content_hover_animation&quot;:&quot;fade-in&quot;}\" data-widget_type=\"gallery.default\">\n\t\t\t\t<div class=\"elementor-widget-container\">\n\t\t\t\t\t\t\t<div class=\"elementor-gallery__container\">\n\t\t\t\t\t\t\t<a class=\"e-gallery-item elementor-gallery-item elementor-animated-content\" href=\"https:\/\/webduer.com\/wp-content\/uploads\/2021\/08\/Portfolio-14.png\" data-elementor-open-lightbox=\"yes\" data-elementor-lightbox-slideshow=\"1432e020\" data-elementor-lightbox-title=\"Portfolio 14\" data-e-action-hash=\"#elementor-action%3Aaction%3Dlightbox%26settings%3DeyJpZCI6NzI5LCJ1cmwiOiJodHRwczpcL1wvd2ViZHVlci5jb21cL3dwLWNvbnRlbnRcL3VwbG9hZHNcLzIwMjFcLzA4XC9Qb3J0Zm9saW8tMTQucG5nIiwic2xpZGVzaG93IjoiMTQzMmUwMjAifQ%3D%3D\">\n\t\t\t\t\t<div class=\"e-gallery-image elementor-gallery-item__image\" data-thumbnail=\"https:\/\/webduer.com\/wp-content\/uploads\/2021\/08\/Portfolio-14.png\" data-width=\"1920\" data-height=\"3000\" aria-label=\"\" role=\"img\" ><\/div>\n\t\t\t\t\t\t\t\t\t\t\t<div class=\"elementor-gallery-item__overlay\"><\/div>\n\t\t\t\t\t\t\t\t\t\t\t\t\t\t<\/a>\n\t\t\t\t\t\t\t<a class=\"e-gallery-item elementor-gallery-item elementor-animated-content\" href=\"https:\/\/webduer.com\/wp-content\/uploads\/2021\/08\/Portfolio-9.png\" data-elementor-open-lightbox=\"yes\" data-elementor-lightbox-slideshow=\"1432e020\" data-elementor-lightbox-title=\"Portfolio 9\" data-e-action-hash=\"#elementor-action%3Aaction%3Dlightbox%26settings%3DeyJpZCI6NzI0LCJ1cmwiOiJodHRwczpcL1wvd2ViZHVlci5jb21cL3dwLWNvbnRlbnRcL3VwbG9hZHNcLzIwMjFcLzA4XC9Qb3J0Zm9saW8tOS5wbmciLCJzbGlkZXNob3ciOiIxNDMyZTAyMCJ9\">\n\t\t\t\t\t<div class=\"e-gallery-image elementor-gallery-item__image\" data-thumbnail=\"https:\/\/webduer.com\/wp-content\/uploads\/2021\/08\/Portfolio-9.png\" data-width=\"1920\" data-height=\"3000\" aria-label=\"\" role=\"img\" ><\/div>\n\t\t\t\t\t\t\t\t\t\t\t<div class=\"elementor-gallery-item__overlay\"><\/div>\n\t\t\t\t\t\t\t\t\t\t\t\t\t\t<\/a>\n\t\t\t\t\t\t\t<a class=\"e-gallery-item elementor-gallery-item elementor-animated-content\" href=\"https:\/\/webduer.com\/wp-content\/uploads\/2021\/08\/Portfolio-7.png\" data-elementor-open-lightbox=\"yes\" data-elementor-lightbox-slideshow=\"1432e020\" data-elementor-lightbox-title=\"Portfolio 7\" data-e-action-hash=\"#elementor-action%3Aaction%3Dlightbox%26settings%3DeyJpZCI6NzIyLCJ1cmwiOiJodHRwczpcL1wvd2ViZHVlci5jb21cL3dwLWNvbnRlbnRcL3VwbG9hZHNcLzIwMjFcLzA4XC9Qb3J0Zm9saW8tNy5wbmciLCJzbGlkZXNob3ciOiIxNDMyZTAyMCJ9\">\n\t\t\t\t\t<div class=\"e-gallery-image elementor-gallery-item__image\" data-thumbnail=\"https:\/\/webduer.com\/wp-content\/uploads\/2021\/08\/Portfolio-7.png\" data-width=\"1920\" data-height=\"3000\" aria-label=\"\" role=\"img\" ><\/div>\n\t\t\t\t\t\t\t\t\t\t\t<div class=\"elementor-gallery-item__overlay\"><\/div>\n\t\t\t\t\t\t\t\t\t\t\t\t\t\t<\/a>\n\t\t\t\t\t\t\t<a class=\"e-gallery-item elementor-gallery-item elementor-animated-content\" href=\"https:\/\/webduer.com\/wp-content\/uploads\/2021\/08\/Portfolio-13.png\" data-elementor-open-lightbox=\"yes\" data-elementor-lightbox-slideshow=\"1432e020\" data-elementor-lightbox-title=\"Portfolio 13\" data-e-action-hash=\"#elementor-action%3Aaction%3Dlightbox%26settings%3DeyJpZCI6NzI4LCJ1cmwiOiJodHRwczpcL1wvd2ViZHVlci5jb21cL3dwLWNvbnRlbnRcL3VwbG9hZHNcLzIwMjFcLzA4XC9Qb3J0Zm9saW8tMTMucG5nIiwic2xpZGVzaG93IjoiMTQzMmUwMjAifQ%3D%3D\">\n\t\t\t\t\t<div class=\"e-gallery-image elementor-gallery-item__image\" data-thumbnail=\"https:\/\/webduer.com\/wp-content\/uploads\/2021\/08\/Portfolio-13.png\" data-width=\"1920\" data-height=\"3000\" aria-label=\"\" role=\"img\" ><\/div>\n\t\t\t\t\t\t\t\t\t\t\t<div class=\"elementor-gallery-item__overlay\"><\/div>\n\t\t\t\t\t\t\t\t\t\t\t\t\t\t<\/a>\n\t\t\t\t\t\t\t<a class=\"e-gallery-item elementor-gallery-item elementor-animated-content\" href=\"https:\/\/webduer.com\/wp-content\/uploads\/2021\/08\/Portfolio-10.png\" data-elementor-open-lightbox=\"yes\" data-elementor-lightbox-slideshow=\"1432e020\" data-elementor-lightbox-title=\"Portfolio 10\" data-e-action-hash=\"#elementor-action%3Aaction%3Dlightbox%26settings%3DeyJpZCI6NzI1LCJ1cmwiOiJodHRwczpcL1wvd2ViZHVlci5jb21cL3dwLWNvbnRlbnRcL3VwbG9hZHNcLzIwMjFcLzA4XC9Qb3J0Zm9saW8tMTAucG5nIiwic2xpZGVzaG93IjoiMTQzMmUwMjAifQ%3D%3D\">\n\t\t\t\t\t<div class=\"e-gallery-image elementor-gallery-item__image\" data-thumbnail=\"https:\/\/webduer.com\/wp-content\/uploads\/2021\/08\/Portfolio-10.png\" data-width=\"1920\" data-height=\"3000\" aria-label=\"\" role=\"img\" ><\/div>\n\t\t\t\t\t\t\t\t\t\t\t<div class=\"elementor-gallery-item__overlay\"><\/div>\n\t\t\t\t\t\t\t\t\t\t\t\t\t\t<\/a>\n\t\t\t\t\t\t\t<a class=\"e-gallery-item elementor-gallery-item elementor-animated-content\" href=\"https:\/\/webduer.com\/wp-content\/uploads\/2021\/08\/Portfolio-16.png\" data-elementor-open-lightbox=\"yes\" data-elementor-lightbox-slideshow=\"1432e020\" data-elementor-lightbox-title=\"Portfolio 16\" data-e-action-hash=\"#elementor-action%3Aaction%3Dlightbox%26settings%3DeyJpZCI6NzMxLCJ1cmwiOiJodHRwczpcL1wvd2ViZHVlci5jb21cL3dwLWNvbnRlbnRcL3VwbG9hZHNcLzIwMjFcLzA4XC9Qb3J0Zm9saW8tMTYucG5nIiwic2xpZGVzaG93IjoiMTQzMmUwMjAifQ%3D%3D\">\n\t\t\t\t\t<div class=\"e-gallery-image elementor-gallery-item__image\" data-thumbnail=\"https:\/\/webduer.com\/wp-content\/uploads\/2021\/08\/Portfolio-16.png\" data-width=\"1920\" data-height=\"3000\" aria-label=\"\" role=\"img\" ><\/div>\n\t\t\t\t\t\t\t\t\t\t\t<div class=\"elementor-gallery-item__overlay\"><\/div>\n\t\t\t\t\t\t\t\t\t\t\t\t\t\t<\/a>\n\t\t\t\t\t\t\t<a class=\"e-gallery-item elementor-gallery-item elementor-animated-content\" href=\"https:\/\/webduer.com\/wp-content\/uploads\/2021\/08\/Portfolio-18.png\" data-elementor-open-lightbox=\"yes\" data-elementor-lightbox-slideshow=\"1432e020\" data-elementor-lightbox-title=\"Portfolio 18\" data-e-action-hash=\"#elementor-action%3Aaction%3Dlightbox%26settings%3DeyJpZCI6NzMzLCJ1cmwiOiJodHRwczpcL1wvd2ViZHVlci5jb21cL3dwLWNvbnRlbnRcL3VwbG9hZHNcLzIwMjFcLzA4XC9Qb3J0Zm9saW8tMTgucG5nIiwic2xpZGVzaG93IjoiMTQzMmUwMjAifQ%3D%3D\">\n\t\t\t\t\t<div class=\"e-gallery-image elementor-gallery-item__image\" data-thumbnail=\"https:\/\/webduer.com\/wp-content\/uploads\/2021\/08\/Portfolio-18.png\" data-width=\"1920\" data-height=\"3000\" aria-label=\"\" role=\"img\" ><\/div>\n\t\t\t\t\t\t\t\t\t\t\t<div class=\"elementor-gallery-item__overlay\"><\/div>\n\t\t\t\t\t\t\t\t\t\t\t\t\t\t<\/a>\n\t\t\t\t\t\t\t<a class=\"e-gallery-item elementor-gallery-item elementor-animated-content\" href=\"https:\/\/webduer.com\/wp-content\/uploads\/2021\/08\/Portfolio-12.png\" data-elementor-open-lightbox=\"yes\" data-elementor-lightbox-slideshow=\"1432e020\" data-elementor-lightbox-title=\"Portfolio 12\" data-e-action-hash=\"#elementor-action%3Aaction%3Dlightbox%26settings%3DeyJpZCI6NzI3LCJ1cmwiOiJodHRwczpcL1wvd2ViZHVlci5jb21cL3dwLWNvbnRlbnRcL3VwbG9hZHNcLzIwMjFcLzA4XC9Qb3J0Zm9saW8tMTIucG5nIiwic2xpZGVzaG93IjoiMTQzMmUwMjAifQ%3D%3D\">\n\t\t\t\t\t<div class=\"e-gallery-image elementor-gallery-item__image\" data-thumbnail=\"https:\/\/webduer.com\/wp-content\/uploads\/2021\/08\/Portfolio-12.png\" data-width=\"1920\" data-height=\"3000\" aria-label=\"\" role=\"img\" ><\/div>\n\t\t\t\t\t\t\t\t\t\t\t<div class=\"elementor-gallery-item__overlay\"><\/div>\n\t\t\t\t\t\t\t\t\t\t\t\t\t\t<\/a>\n\t\t\t\t\t\t\t<a class=\"e-gallery-item elementor-gallery-item elementor-animated-content\" href=\"https:\/\/webduer.com\/wp-content\/uploads\/2021\/08\/Portfolio-4.png\" data-elementor-open-lightbox=\"yes\" data-elementor-lightbox-slideshow=\"1432e020\" data-elementor-lightbox-title=\"Portfolio 4\" data-e-action-hash=\"#elementor-action%3Aaction%3Dlightbox%26settings%3DeyJpZCI6NzE5LCJ1cmwiOiJodHRwczpcL1wvd2ViZHVlci5jb21cL3dwLWNvbnRlbnRcL3VwbG9hZHNcLzIwMjFcLzA4XC9Qb3J0Zm9saW8tNC5wbmciLCJzbGlkZXNob3ciOiIxNDMyZTAyMCJ9\">\n\t\t\t\t\t<div class=\"e-gallery-image elementor-gallery-item__image\" data-thumbnail=\"https:\/\/webduer.com\/wp-content\/uploads\/2021\/08\/Portfolio-4.png\" data-width=\"1920\" data-height=\"3000\" aria-label=\"\" role=\"img\" ><\/div>\n\t\t\t\t\t\t\t\t\t\t\t<div class=\"elementor-gallery-item__overlay\"><\/div>\n\t\t\t\t\t\t\t\t\t\t\t\t\t\t<\/a>\n\t\t\t\t\t\t\t<a class=\"e-gallery-item elementor-gallery-item elementor-animated-content\" href=\"https:\/\/webduer.com\/wp-content\/uploads\/2021\/08\/Portfolio-20.png\" data-elementor-open-lightbox=\"yes\" data-elementor-lightbox-slideshow=\"1432e020\" data-elementor-lightbox-title=\"Portfolio 20\" data-e-action-hash=\"#elementor-action%3Aaction%3Dlightbox%26settings%3DeyJpZCI6NzM1LCJ1cmwiOiJodHRwczpcL1wvd2ViZHVlci5jb21cL3dwLWNvbnRlbnRcL3VwbG9hZHNcLzIwMjFcLzA4XC9Qb3J0Zm9saW8tMjAucG5nIiwic2xpZGVzaG93IjoiMTQzMmUwMjAifQ%3D%3D\">\n\t\t\t\t\t<div class=\"e-gallery-image elementor-gallery-item__image\" data-thumbnail=\"https:\/\/webduer.com\/wp-content\/uploads\/2021\/08\/Portfolio-20.png\" data-width=\"1920\" data-height=\"3000\" aria-label=\"\" role=\"img\" ><\/div>\n\t\t\t\t\t\t\t\t\t\t\t<div class=\"elementor-gallery-item__overlay\"><\/div>\n\t\t\t\t\t\t\t\t\t\t\t\t\t\t<\/a>\n\t\t\t\t\t\t\t<a class=\"e-gallery-item elementor-gallery-item elementor-animated-content\" href=\"https:\/\/webduer.com\/wp-content\/uploads\/2021\/08\/Portfolio-11.png\" data-elementor-open-lightbox=\"yes\" data-elementor-lightbox-slideshow=\"1432e020\" data-elementor-lightbox-title=\"Portfolio 11\" data-e-action-hash=\"#elementor-action%3Aaction%3Dlightbox%26settings%3DeyJpZCI6NzI2LCJ1cmwiOiJodHRwczpcL1wvd2ViZHVlci5jb21cL3dwLWNvbnRlbnRcL3VwbG9hZHNcLzIwMjFcLzA4XC9Qb3J0Zm9saW8tMTEucG5nIiwic2xpZGVzaG93IjoiMTQzMmUwMjAifQ%3D%3D\">\n\t\t\t\t\t<div class=\"e-gallery-image elementor-gallery-item__image\" data-thumbnail=\"https:\/\/webduer.com\/wp-content\/uploads\/2021\/08\/Portfolio-11.png\" data-width=\"1920\" data-height=\"3000\" aria-label=\"\" role=\"img\" ><\/div>\n\t\t\t\t\t\t\t\t\t\t\t<div class=\"elementor-gallery-item__overlay\"><\/div>\n\t\t\t\t\t\t\t\t\t\t\t\t\t\t<\/a>\n\t\t\t\t\t\t\t<a class=\"e-gallery-item elementor-gallery-item elementor-animated-content\" href=\"https:\/\/webduer.com\/wp-content\/uploads\/2021\/08\/Portfolio-3.png\" data-elementor-open-lightbox=\"yes\" data-elementor-lightbox-slideshow=\"1432e020\" data-elementor-lightbox-title=\"Portfolio 3\" data-e-action-hash=\"#elementor-action%3Aaction%3Dlightbox%26settings%3DeyJpZCI6NzE4LCJ1cmwiOiJodHRwczpcL1wvd2ViZHVlci5jb21cL3dwLWNvbnRlbnRcL3VwbG9hZHNcLzIwMjFcLzA4XC9Qb3J0Zm9saW8tMy5wbmciLCJzbGlkZXNob3ciOiIxNDMyZTAyMCJ9\">\n\t\t\t\t\t<div class=\"e-gallery-image elementor-gallery-item__image\" data-thumbnail=\"https:\/\/webduer.com\/wp-content\/uploads\/2021\/08\/Portfolio-3.png\" data-width=\"1920\" data-height=\"3000\" aria-label=\"\" role=\"img\" ><\/div>\n\t\t\t\t\t\t\t\t\t\t\t<div class=\"elementor-gallery-item__overlay\"><\/div>\n\t\t\t\t\t\t\t\t\t\t\t\t\t\t<\/a>\n\t\t\t\t\t\t\t<a class=\"e-gallery-item elementor-gallery-item elementor-animated-content\" href=\"https:\/\/webduer.com\/wp-content\/uploads\/2021\/08\/Portfolio-8.png\" data-elementor-open-lightbox=\"yes\" data-elementor-lightbox-slideshow=\"1432e020\" data-elementor-lightbox-title=\"Portfolio 8\" data-e-action-hash=\"#elementor-action%3Aaction%3Dlightbox%26settings%3DeyJpZCI6NzIzLCJ1cmwiOiJodHRwczpcL1wvd2ViZHVlci5jb21cL3dwLWNvbnRlbnRcL3VwbG9hZHNcLzIwMjFcLzA4XC9Qb3J0Zm9saW8tOC5wbmciLCJzbGlkZXNob3ciOiIxNDMyZTAyMCJ9\">\n\t\t\t\t\t<div class=\"e-gallery-image elementor-gallery-item__image\" data-thumbnail=\"https:\/\/webduer.com\/wp-content\/uploads\/2021\/08\/Portfolio-8.png\" data-width=\"1920\" data-height=\"3000\" aria-label=\"\" role=\"img\" ><\/div>\n\t\t\t\t\t\t\t\t\t\t\t<div class=\"elementor-gallery-item__overlay\"><\/div>\n\t\t\t\t\t\t\t\t\t\t\t\t\t\t<\/a>\n\t\t\t\t\t\t\t<a class=\"e-gallery-item elementor-gallery-item elementor-animated-content\" href=\"https:\/\/webduer.com\/wp-content\/uploads\/2021\/08\/Portfolio-5.png\" data-elementor-open-lightbox=\"yes\" data-elementor-lightbox-slideshow=\"1432e020\" data-elementor-lightbox-title=\"Portfolio 5\" data-e-action-hash=\"#elementor-action%3Aaction%3Dlightbox%26settings%3DeyJpZCI6NzIwLCJ1cmwiOiJodHRwczpcL1wvd2ViZHVlci5jb21cL3dwLWNvbnRlbnRcL3VwbG9hZHNcLzIwMjFcLzA4XC9Qb3J0Zm9saW8tNS5wbmciLCJzbGlkZXNob3ciOiIxNDMyZTAyMCJ9\">\n\t\t\t\t\t<div class=\"e-gallery-image elementor-gallery-item__image\" data-thumbnail=\"https:\/\/webduer.com\/wp-content\/uploads\/2021\/08\/Portfolio-5.png\" data-width=\"1920\" data-height=\"3000\" aria-label=\"\" role=\"img\" ><\/div>\n\t\t\t\t\t\t\t\t\t\t\t<div class=\"elementor-gallery-item__overlay\"><\/div>\n\t\t\t\t\t\t\t\t\t\t\t\t\t\t<\/a>\n\t\t\t\t\t\t\t<a class=\"e-gallery-item elementor-gallery-item elementor-animated-content\" href=\"https:\/\/webduer.com\/wp-content\/uploads\/2021\/08\/Portfolio-17.png\" data-elementor-open-lightbox=\"yes\" data-elementor-lightbox-slideshow=\"1432e020\" data-elementor-lightbox-title=\"Portfolio 17\" data-e-action-hash=\"#elementor-action%3Aaction%3Dlightbox%26settings%3DeyJpZCI6NzMyLCJ1cmwiOiJodHRwczpcL1wvd2ViZHVlci5jb21cL3dwLWNvbnRlbnRcL3VwbG9hZHNcLzIwMjFcLzA4XC9Qb3J0Zm9saW8tMTcucG5nIiwic2xpZGVzaG93IjoiMTQzMmUwMjAifQ%3D%3D\">\n\t\t\t\t\t<div class=\"e-gallery-image elementor-gallery-item__image\" data-thumbnail=\"https:\/\/webduer.com\/wp-content\/uploads\/2021\/08\/Portfolio-17.png\" data-width=\"1920\" data-height=\"3000\" aria-label=\"\" role=\"img\" ><\/div>\n\t\t\t\t\t\t\t\t\t\t\t<div class=\"elementor-gallery-item__overlay\"><\/div>\n\t\t\t\t\t\t\t\t\t\t\t\t\t\t<\/a>\n\t\t\t\t\t\t\t<a class=\"e-gallery-item elementor-gallery-item elementor-animated-content\" href=\"https:\/\/webduer.com\/wp-content\/uploads\/2021\/08\/Portfolio-19.png\" data-elementor-open-lightbox=\"yes\" data-elementor-lightbox-slideshow=\"1432e020\" data-elementor-lightbox-title=\"Portfolio 19\" data-e-action-hash=\"#elementor-action%3Aaction%3Dlightbox%26settings%3DeyJpZCI6NzM0LCJ1cmwiOiJodHRwczpcL1wvd2ViZHVlci5jb21cL3dwLWNvbnRlbnRcL3VwbG9hZHNcLzIwMjFcLzA4XC9Qb3J0Zm9saW8tMTkucG5nIiwic2xpZGVzaG93IjoiMTQzMmUwMjAifQ%3D%3D\">\n\t\t\t\t\t<div class=\"e-gallery-image elementor-gallery-item__image\" data-thumbnail=\"https:\/\/webduer.com\/wp-content\/uploads\/2021\/08\/Portfolio-19.png\" data-width=\"1920\" data-height=\"3000\" aria-label=\"\" role=\"img\" ><\/div>\n\t\t\t\t\t\t\t\t\t\t\t<div class=\"elementor-gallery-item__overlay\"><\/div>\n\t\t\t\t\t\t\t\t\t\t\t\t\t\t<\/a>\n\t\t\t\t\t\t\t<a class=\"e-gallery-item elementor-gallery-item elementor-animated-content\" href=\"https:\/\/webduer.com\/wp-content\/uploads\/2021\/08\/Portfolio-1.png\" data-elementor-open-lightbox=\"yes\" data-elementor-lightbox-slideshow=\"1432e020\" data-elementor-lightbox-title=\"Portfolio 1\" data-e-action-hash=\"#elementor-action%3Aaction%3Dlightbox%26settings%3DeyJpZCI6NzE2LCJ1cmwiOiJodHRwczpcL1wvd2ViZHVlci5jb21cL3dwLWNvbnRlbnRcL3VwbG9hZHNcLzIwMjFcLzA4XC9Qb3J0Zm9saW8tMS5wbmciLCJzbGlkZXNob3ciOiIxNDMyZTAyMCJ9\">\n\t\t\t\t\t<div class=\"e-gallery-image elementor-gallery-item__image\" data-thumbnail=\"https:\/\/webduer.com\/wp-content\/uploads\/2021\/08\/Portfolio-1.png\" data-width=\"1920\" data-height=\"3000\" aria-label=\"\" role=\"img\" ><\/div>\n\t\t\t\t\t\t\t\t\t\t\t<div class=\"elementor-gallery-item__overlay\"><\/div>\n\t\t\t\t\t\t\t\t\t\t\t\t\t\t<\/a>\n\t\t\t\t\t\t\t<a class=\"e-gallery-item elementor-gallery-item elementor-animated-content\" href=\"https:\/\/webduer.com\/wp-content\/uploads\/2021\/08\/Portfolio-6.png\" data-elementor-open-lightbox=\"yes\" data-elementor-lightbox-slideshow=\"1432e020\" data-elementor-lightbox-title=\"Portfolio 6\" data-e-action-hash=\"#elementor-action%3Aaction%3Dlightbox%26settings%3DeyJpZCI6NzIxLCJ1cmwiOiJodHRwczpcL1wvd2ViZHVlci5jb21cL3dwLWNvbnRlbnRcL3VwbG9hZHNcLzIwMjFcLzA4XC9Qb3J0Zm9saW8tNi5wbmciLCJzbGlkZXNob3ciOiIxNDMyZTAyMCJ9\">\n\t\t\t\t\t<div class=\"e-gallery-image elementor-gallery-item__image\" data-thumbnail=\"https:\/\/webduer.com\/wp-content\/uploads\/2021\/08\/Portfolio-6.png\" data-width=\"1920\" data-height=\"3000\" aria-label=\"\" role=\"img\" ><\/div>\n\t\t\t\t\t\t\t\t\t\t\t<div class=\"elementor-gallery-item__overlay\"><\/div>\n\t\t\t\t\t\t\t\t\t\t\t\t\t\t<\/a>\n\t\t\t\t\t\t\t<a class=\"e-gallery-item elementor-gallery-item elementor-animated-content\" href=\"https:\/\/webduer.com\/wp-content\/uploads\/2021\/08\/Portfolio-2.png\" data-elementor-open-lightbox=\"yes\" data-elementor-lightbox-slideshow=\"1432e020\" data-elementor-lightbox-title=\"Portfolio 2\" data-e-action-hash=\"#elementor-action%3Aaction%3Dlightbox%26settings%3DeyJpZCI6NzE3LCJ1cmwiOiJodHRwczpcL1wvd2ViZHVlci5jb21cL3dwLWNvbnRlbnRcL3VwbG9hZHNcLzIwMjFcLzA4XC9Qb3J0Zm9saW8tMi5wbmciLCJzbGlkZXNob3ciOiIxNDMyZTAyMCJ9\">\n\t\t\t\t\t<div class=\"e-gallery-image elementor-gallery-item__image\" data-thumbnail=\"https:\/\/webduer.com\/wp-content\/uploads\/2021\/08\/Portfolio-2.png\" data-width=\"1920\" data-height=\"3000\" aria-label=\"\" role=\"img\" ><\/div>\n\t\t\t\t\t\t\t\t\t\t\t<div class=\"elementor-gallery-item__overlay\"><\/div>\n\t\t\t\t\t\t\t\t\t\t\t\t\t\t<\/a>\n\t\t\t\t\t\t\t<a class=\"e-gallery-item elementor-gallery-item elementor-animated-content\" href=\"https:\/\/webduer.com\/wp-content\/uploads\/2021\/08\/Portfolio-15.png\" data-elementor-open-lightbox=\"yes\" data-elementor-lightbox-slideshow=\"1432e020\" data-elementor-lightbox-title=\"Portfolio 15\" data-e-action-hash=\"#elementor-action%3Aaction%3Dlightbox%26settings%3DeyJpZCI6NzMwLCJ1cmwiOiJodHRwczpcL1wvd2ViZHVlci5jb21cL3dwLWNvbnRlbnRcL3VwbG9hZHNcLzIwMjFcLzA4XC9Qb3J0Zm9saW8tMTUucG5nIiwic2xpZGVzaG93IjoiMTQzMmUwMjAifQ%3D%3D\">\n\t\t\t\t\t<div class=\"e-gallery-image elementor-gallery-item__image\" data-thumbnail=\"https:\/\/webduer.com\/wp-content\/uploads\/2021\/08\/Portfolio-15.png\" data-width=\"1920\" data-height=\"3000\" aria-label=\"\" role=\"img\" ><\/div>\n\t\t\t\t\t\t\t\t\t\t\t<div class=\"elementor-gallery-item__overlay\"><\/div>\n\t\t\t\t\t\t\t\t\t\t\t\t\t\t<\/a>\n\t\t\t\t\t<\/div>\n\t\t\t\t\t<\/div>\n\t\t\t\t<\/div>\n\t\t\t\t\t<\/div>\n\t\t<\/div>\n\t\t\t\t\t<\/div>\n\t\t<\/section>\n\t\t\t\t<\/div>","protected":false},"excerpt":{"rendered":"<p>Examples Check out how our design team is of the highest quality with the examples on this page.<\/p>","protected":false},"author":2,"featured_media":0,"parent":0,"menu_order":0,"comment_status":"closed","ping_status":"closed","template":"","meta":{"footnotes":""},"class_list":["post-664","page","type-page","status-publish","hentry"],"_links":{"self":[{"href":"https:\/\/webduer.com\/es\/wp-json\/wp\/v2\/pages\/664","targetHints":{"allow":["GET"]}}],"collection":[{"href":"https:\/\/webduer.com\/es\/wp-json\/wp\/v2\/pages"}],"about":[{"href":"https:\/\/webduer.com\/es\/wp-json\/wp\/v2\/types\/page"}],"author":[{"embeddable":true,"href":"https:\/\/webduer.com\/es\/wp-json\/wp\/v2\/users\/2"}],"replies":[{"embeddable":true,"href":"https:\/\/webduer.com\/es\/wp-json\/wp\/v2\/comments?post=664"}],"version-history":[{"count":16,"href":"https:\/\/webduer.com\/es\/wp-json\/wp\/v2\/pages\/664\/revisions"}],"predecessor-version":[{"id":1104,"href":"https:\/\/webduer.com\/es\/wp-json\/wp\/v2\/pages\/664\/revisions\/1104"}],"wp:attachment":[{"href":"https:\/\/webduer.com\/es\/wp-json\/wp\/v2\/media?parent=664"}],"curies":[{"name":"wp","href":"https:\/\/api.w.org\/{rel}","templated":true}]}}